{"id":3412,"date":"2023-02-20T19:24:51","date_gmt":"2023-02-20T19:24:51","guid":{"rendered":"https:\/\/salonlfclaval.com\/?page_id=3412"},"modified":"2023-03-01T19:26:59","modified_gmt":"2023-03-01T19:26:59","slug":"administratif","status":"publish","type":"page","link":"https:\/\/salonlfcmontreal.com\/en\/administratif\/","title":{"rendered":"Administrative"},"content":{"rendered":"<div data-elementor-type=\"wp-page\" data-elementor-id=\"3412\" class=\"elementor elementor-3412\" data-elementor-post-type=\"page\">\n\t\t\t\t\t\t<section class=\"elementor-section elementor-top-section elementor-element elementor-element-45a9748 elementor-section-height-min-height elementor-section-boxed elementor-section-height-default elementor-section-items-middle\" data-id=\"45a9748\" data-element_type=\"section\" data-e-type=\"section\" data-settings=\"{&quot;background_background&quot;:&quot;classic&quot;}\">\n\t\t\t\t\t\t\t<div class=\"elementor-background-overlay\"><\/div>\n\t\t\t\t\t\t\t<div class=\"elementor-container elementor-column-gap-default\">\n\t\t\t\t\t<div class=\"elementor-column elementor-col-100 elementor-top-column elementor-element elementor-element-0a14c00\" data-id=\"0a14c00\" data-element_type=\"column\" data-e-type=\"column\">\n\t\t\t<div class=\"elementor-widget-wrap elementor-element-populated\">\n\t\t\t\t\t\t<div class=\"elementor-element elementor-element-552ad0e elementor-widget elementor-widget-heading\" data-id=\"552ad0e\" data-element_type=\"widget\" data-e-type=\"widget\" data-widget_type=\"heading.default\">\n\t\t\t\t<div class=\"elementor-widget-container\">\n\t\t\t\t\t<h1 class=\"elementor-heading-title elementor-size-default\">Administrative<\/h1>\t\t\t\t<\/div>\n\t\t\t\t<\/div>\n\t\t\t\t\t<\/div>\n\t\t<\/div>\n\t\t\t\t\t<\/div>\n\t\t<\/section>\n\t\t\t\t<section class=\"elementor-section elementor-top-section elementor-element elementor-element-bbe73fb elementor-section-boxed elementor-section-height-default elementor-section-height-default\" data-id=\"bbe73fb\" data-element_type=\"section\" data-e-type=\"section\">\n\t\t\t\t\t\t<div class=\"elementor-container elementor-column-gap-default\">\n\t\t\t\t\t<div class=\"elementor-column elementor-col-100 elementor-top-column elementor-element elementor-element-7c99148\" data-id=\"7c99148\" data-element_type=\"column\" data-e-type=\"column\">\n\t\t\t<div class=\"elementor-widget-wrap elementor-element-populated\">\n\t\t\t\t\t\t<div class=\"elementor-element elementor-element-b0ed131 elementor-widget elementor-widget-heading\" data-id=\"b0ed131\" data-element_type=\"widget\" data-e-type=\"widget\" data-widget_type=\"heading.default\">\n\t\t\t\t<div class=\"elementor-widget-container\">\n\t\t\t\t\t<h2 class=\"elementor-heading-title elementor-size-default\">Administrative<\/h2>\t\t\t\t<\/div>\n\t\t\t\t<\/div>\n\t\t\t\t\t<\/div>\n\t\t<\/div>\n\t\t\t\t\t<\/div>\n\t\t<\/section>\n\t\t\t\t<section class=\"elementor-section elementor-top-section elementor-element elementor-element-c96a1cb elementor-section-boxed elementor-section-height-default elementor-section-height-default\" data-id=\"c96a1cb\" data-element_type=\"section\" data-e-type=\"section\">\n\t\t\t\t\t\t<div class=\"elementor-container elementor-column-gap-default\">\n\t\t\t\t\t<div class=\"elementor-column elementor-col-100 elementor-top-column elementor-element elementor-element-b957f39\" data-id=\"b957f39\" data-element_type=\"column\" data-e-type=\"column\">\n\t\t\t<div class=\"elementor-widget-wrap elementor-element-populated\">\n\t\t\t\t\t\t<section class=\"elementor-section elementor-inner-section elementor-element elementor-element-0197058 elementor-section-boxed elementor-section-height-default elementor-section-height-default\" data-id=\"0197058\" data-element_type=\"section\" data-e-type=\"section\">\n\t\t\t\t\t\t<div class=\"elementor-container elementor-column-gap-default\">\n\t\t\t\t\t<div class=\"elementor-column elementor-col-50 elementor-inner-column elementor-element elementor-element-46ee5f0\" data-id=\"46ee5f0\" data-element_type=\"column\" data-e-type=\"column\">\n\t\t\t<div class=\"elementor-widget-wrap elementor-element-populated\">\n\t\t\t\t\t\t<div class=\"elementor-element elementor-element-bf94969 elementor-widget elementor-widget-image\" data-id=\"bf94969\" data-element_type=\"widget\" data-e-type=\"widget\" data-widget_type=\"image.default\">\n\t\t\t\t<div class=\"elementor-widget-container\">\n\t\t\t\t\t\t\t\t\t\t\t\t\t\t\t<img fetchpriority=\"high\" decoding=\"async\" width=\"800\" height=\"534\" src=\"https:\/\/salonlfcmontreal.com\/wp-content\/uploads\/2023\/02\/notre-mission.jpg\" class=\"attachment-large size-large wp-image-4938\" alt=\"notre mission\" srcset=\"https:\/\/salonlfcmontreal.com\/wp-content\/uploads\/2023\/02\/notre-mission.jpg 1024w, https:\/\/salonlfcmontreal.com\/wp-content\/uploads\/2023\/02\/notre-mission-300x200.jpg 300w, https:\/\/salonlfcmontreal.com\/wp-content\/uploads\/2023\/02\/notre-mission-768x512.jpg 768w, https:\/\/salonlfcmontreal.com\/wp-content\/uploads\/2023\/02\/notre-mission-18x12.jpg 18w, https:\/\/salonlfcmontreal.com\/wp-content\/uploads\/2023\/02\/notre-mission-600x400.jpg 600w\" sizes=\"(max-width: 800px) 100vw, 800px\" \/>\t\t\t\t\t\t\t\t\t\t\t\t\t\t\t<\/div>\n\t\t\t\t<\/div>\n\t\t\t\t\t<\/div>\n\t\t<\/div>\n\t\t\t\t<div class=\"elementor-column elementor-col-50 elementor-inner-column elementor-element elementor-element-73abe2b\" data-id=\"73abe2b\" data-element_type=\"column\" data-e-type=\"column\">\n\t\t\t<div class=\"elementor-widget-wrap elementor-element-populated\">\n\t\t\t\t\t\t<div class=\"elementor-element elementor-element-698ba13 elementor-widget elementor-widget-text-editor\" data-id=\"698ba13\" data-element_type=\"widget\" data-e-type=\"widget\" data-widget_type=\"text-editor.default\">\n\t\t\t\t<div class=\"elementor-widget-container\">\n\t\t\t\t\t\t\t\t\t<p>The salon takes care of:<\/p>\t\t\t\t\t\t\t\t<\/div>\n\t\t\t\t<\/div>\n\t\t\t\t<div class=\"elementor-element elementor-element-56c8df3 elementor-widget elementor-widget-text-editor\" data-id=\"56c8df3\" data-element_type=\"widget\" data-e-type=\"widget\" data-widget_type=\"text-editor.default\">\n\t\t\t\t<div class=\"elementor-widget-container\">\n\t\t\t\t\t\t\t\t\t<p>\u2022DECLARATION OF DEATH<\/p><p>\u2022DEATH BENEFIT APPLICATION (RRQ)<\/p><p>\u2022ANNUITY FORM<\/p><p>\u2022 DEATH CERTIFICATE FORM<\/p><p>\u2022RETURN OF HEALTH INSURANCE CARD<\/p><p>\u2022 CANCELLATION OF THE OLD AGE PENSION<\/p><p>\u2022PROOF OF DEATH<\/p><p>\u2022 AFTER DEATH SERVICE<\/p><p>\u2022NO WORRY ON DEATH<\/p><p>\u2022PEACE OF MIND FOR YOUR FAMILY<\/p><p>\u2022ACCORDING TO YOUR CHOICES AND WISHES<\/p>\t\t\t\t\t\t\t\t<\/div>\n\t\t\t\t<\/div>\n\t\t\t\t<div class=\"elementor-element elementor-element-d22cb8f elementor-align-left elementor-widget elementor-widget-button\" data-id=\"d22cb8f\" data-element_type=\"widget\" data-e-type=\"widget\" data-widget_type=\"button.default\">\n\t\t\t\t<div class=\"elementor-widget-container\">\n\t\t\t\t\t\t\t\t\t<div class=\"elementor-button-wrapper\">\n\t\t\t\t\t<a class=\"elementor-button elementor-button-link elementor-size-sm elementor-animation-shrink\" href=\"\/nous-joindre\/\">\n\t\t\t\t\t\t<span class=\"elementor-button-content-wrapper\">\n\t\t\t\t\t\t\t\t\t<span class=\"elementor-button-text\">Contact us<\/span>\n\t\t\t\t\t<\/span>\n\t\t\t\t\t<\/a>\n\t\t\t\t<\/div>\n\t\t\t\t\t\t\t\t<\/div>\n\t\t\t\t<\/div>\n\t\t\t\t\t<\/div>\n\t\t<\/div>\n\t\t\t\t\t<\/div>\n\t\t<\/section>\n\t\t\t\t\t<\/div>\n\t\t<\/div>\n\t\t\t\t\t<\/div>\n\t\t<\/section>\n\t\t\t\t<\/div>","protected":false},"excerpt":{"rendered":"<p>Administratif Administratif Le salon s&rsquo;occupe pour vous: \u2022D\u00c9CLARATION DE D\u00c9C\u00c8S \u2022DEMANDE DE PRESTATION DE D\u00c9C\u00c8S (RRQ) \u2022FORMULAIRE POUR LES RENTES \u2022FORMULAIRE D\u2019ACTE DE D\u00c9C\u00c8S \u2022RETOUR DE LA CARTE D\u2019ASSURANCE MALADIE \u2022ANNULATION DE LA PENSION DE VIEILLESSE \u2022PREUVE DE D\u00c9C\u00c8S \u2022SERVICE APR\u00c8S D\u00c9C\u00c8S \u2022AUCUN SOUCI LORS DU D\u00c9C\u00c8S \u2022TRANQUILIT\u00c9 D\u2019ESPRIT POUR VOTRE FAMILLE \u2022SELON VOS CHOIX [&hellip;]<\/p>","protected":false},"author":1,"featured_media":0,"parent":0,"menu_order":0,"comment_status":"closed","ping_status":"closed","template":"elementor_header_footer","meta":{"_acf_changed":false,"footnotes":""},"class_list":["post-3412","page","type-page","status-publish","hentry"],"acf":[],"_links":{"self":[{"href":"https:\/\/salonlfcmontreal.com\/en\/wp-json\/wp\/v2\/pages\/3412","targetHints":{"allow":["GET"]}}],"collection":[{"href":"https:\/\/salonlfcmontreal.com\/en\/wp-json\/wp\/v2\/pages"}],"about":[{"href":"https:\/\/salonlfcmontreal.com\/en\/wp-json\/wp\/v2\/types\/page"}],"author":[{"embeddable":true,"href":"https:\/\/salonlfcmontreal.com\/en\/wp-json\/wp\/v2\/users\/1"}],"replies":[{"embeddable":true,"href":"https:\/\/salonlfcmontreal.com\/en\/wp-json\/wp\/v2\/comments?post=3412"}],"version-history":[{"count":0,"href":"https:\/\/salonlfcmontreal.com\/en\/wp-json\/wp\/v2\/pages\/3412\/revisions"}],"wp:attachment":[{"href":"https:\/\/salonlfcmontreal.com\/en\/wp-json\/wp\/v2\/media?parent=3412"}],"curies":[{"name":"wp","href":"https:\/\/api.w.org\/{rel}","templated":true}]}}