{"id":3509,"date":"2023-02-20T20:14:11","date_gmt":"2023-02-20T20:14:11","guid":{"rendered":"https:\/\/salonlfclaval.com\/?page_id=3509"},"modified":"2026-02-03T16:49:05","modified_gmt":"2026-02-03T16:49:05","slug":"forfait-service-a-leglise","status":"publish","type":"page","link":"https:\/\/salonlfcmontreal.com\/en\/forfait-service-a-leglise\/","title":{"rendered":"Forfait service \u00e0 l&rsquo;\u00e9glise"},"content":{"rendered":"<div data-elementor-type=\"wp-page\" data-elementor-id=\"3509\" class=\"elementor elementor-3509\" data-elementor-post-type=\"page\">\n\t\t\t\t\t\t<section class=\"elementor-section elementor-top-section elementor-element elementor-element-45a9748 elementor-section-height-min-height elementor-section-boxed elementor-section-height-default elementor-section-items-middle\" data-id=\"45a9748\" data-element_type=\"section\" data-e-type=\"section\" data-settings=\"{&quot;background_background&quot;:&quot;classic&quot;}\">\n\t\t\t\t\t\t\t<div class=\"elementor-background-overlay\"><\/div>\n\t\t\t\t\t\t\t<div class=\"elementor-container elementor-column-gap-default\">\n\t\t\t\t\t<div class=\"elementor-column elementor-col-100 elementor-top-column elementor-element elementor-element-0a14c00\" data-id=\"0a14c00\" data-element_type=\"column\" data-e-type=\"column\">\n\t\t\t<div class=\"elementor-widget-wrap elementor-element-populated\">\n\t\t\t\t\t\t<div class=\"elementor-element elementor-element-552ad0e elementor-widget elementor-widget-heading\" data-id=\"552ad0e\" data-element_type=\"widget\" data-e-type=\"widget\" data-widget_type=\"heading.default\">\n\t\t\t\t<div class=\"elementor-widget-container\">\n\t\t\t\t\t<h2 class=\"elementor-heading-title elementor-size-default\">Church service package<\/h2>\t\t\t\t<\/div>\n\t\t\t\t<\/div>\n\t\t\t\t\t<\/div>\n\t\t<\/div>\n\t\t\t\t\t<\/div>\n\t\t<\/section>\n\t\t\t\t<section class=\"elementor-section elementor-top-section elementor-element elementor-element-bbe73fb elementor-section-boxed elementor-section-height-default elementor-section-height-default\" data-id=\"bbe73fb\" data-element_type=\"section\" data-e-type=\"section\">\n\t\t\t\t\t\t<div class=\"elementor-container elementor-column-gap-default\">\n\t\t\t\t\t<div class=\"elementor-column elementor-col-100 elementor-top-column elementor-element elementor-element-7c99148\" data-id=\"7c99148\" data-element_type=\"column\" data-e-type=\"column\">\n\t\t\t<div class=\"elementor-widget-wrap elementor-element-populated\">\n\t\t\t\t\t\t<div class=\"elementor-element elementor-element-b0ed131 elementor-widget elementor-widget-heading\" data-id=\"b0ed131\" data-element_type=\"widget\" data-e-type=\"widget\" data-widget_type=\"heading.default\">\n\t\t\t\t<div class=\"elementor-widget-container\">\n\t\t\t\t\t<h2 class=\"elementor-heading-title elementor-size-default\">Church service package<\/h2>\t\t\t\t<\/div>\n\t\t\t\t<\/div>\n\t\t\t\t\t<\/div>\n\t\t<\/div>\n\t\t\t\t\t<\/div>\n\t\t<\/section>\n\t\t\t\t<section class=\"elementor-section elementor-top-section elementor-element elementor-element-e5ba826 elementor-section-boxed elementor-section-height-default elementor-section-height-default\" data-id=\"e5ba826\" data-element_type=\"section\" data-e-type=\"section\">\n\t\t\t\t\t\t<div class=\"elementor-container elementor-column-gap-default\">\n\t\t\t\t\t<div class=\"elementor-column elementor-col-100 elementor-top-column elementor-element elementor-element-d394018\" data-id=\"d394018\" data-element_type=\"column\" data-e-type=\"column\">\n\t\t\t<div class=\"elementor-widget-wrap elementor-element-populated\">\n\t\t\t\t\t\t<section class=\"elementor-section elementor-inner-section elementor-element elementor-element-bfc7db1 elementor-section-boxed elementor-section-height-default elementor-section-height-default\" data-id=\"bfc7db1\" data-element_type=\"section\" data-e-type=\"section\">\n\t\t\t\t\t\t<div class=\"elementor-container elementor-column-gap-default\">\n\t\t\t\t\t<div class=\"elementor-column elementor-col-50 elementor-inner-column elementor-element elementor-element-4f550a4\" data-id=\"4f550a4\" data-element_type=\"column\" data-e-type=\"column\">\n\t\t\t<div class=\"elementor-widget-wrap elementor-element-populated\">\n\t\t\t\t\t\t<div class=\"elementor-element elementor-element-be9aee9 elementor-widget elementor-widget-image\" data-id=\"be9aee9\" data-element_type=\"widget\" data-e-type=\"widget\" data-widget_type=\"image.default\">\n\t\t\t\t<div class=\"elementor-widget-container\">\n\t\t\t\t\t\t\t\t\t\t\t\t\t\t\t<img fetchpriority=\"high\" decoding=\"async\" width=\"800\" height=\"553\" src=\"https:\/\/salonlfcmontreal.com\/wp-content\/uploads\/2023\/02\/funre\u0301raille-e\u0301glise.jpg\" class=\"attachment-large size-large wp-image-4949\" alt=\"funeraille eglise\" srcset=\"https:\/\/salonlfcmontreal.com\/wp-content\/uploads\/2023\/02\/funre\u0301raille-e\u0301glise.jpg 800w, https:\/\/salonlfcmontreal.com\/wp-content\/uploads\/2023\/02\/funre\u0301raille-e\u0301glise-300x207.jpg 300w, https:\/\/salonlfcmontreal.com\/wp-content\/uploads\/2023\/02\/funre\u0301raille-e\u0301glise-768x531.jpg 768w, https:\/\/salonlfcmontreal.com\/wp-content\/uploads\/2023\/02\/funre\u0301raille-e\u0301glise-18x12.jpg 18w, https:\/\/salonlfcmontreal.com\/wp-content\/uploads\/2023\/02\/funre\u0301raille-e\u0301glise-600x415.jpg 600w\" sizes=\"(max-width: 800px) 100vw, 800px\" \/>\t\t\t\t\t\t\t\t\t\t\t\t\t\t\t<\/div>\n\t\t\t\t<\/div>\n\t\t\t\t\t<\/div>\n\t\t<\/div>\n\t\t\t\t<div class=\"elementor-column elementor-col-50 elementor-inner-column elementor-element elementor-element-f927241\" data-id=\"f927241\" data-element_type=\"column\" data-e-type=\"column\">\n\t\t\t<div class=\"elementor-widget-wrap elementor-element-populated\">\n\t\t\t\t\t\t<div class=\"elementor-element elementor-element-d7fbe92 elementor-widget elementor-widget-text-editor\" data-id=\"d7fbe92\" data-element_type=\"widget\" data-e-type=\"widget\" data-widget_type=\"text-editor.default\">\n\t\t\t\t<div class=\"elementor-widget-container\">\n\t\t\t\t\t\t\t\t\t<p>$1975+tx<\/p>\t\t\t\t\t\t\t\t<\/div>\n\t\t\t\t<\/div>\n\t\t\t\t<div class=\"elementor-element elementor-element-53444ee elementor-widget elementor-widget-text-editor\" data-id=\"53444ee\" data-element_type=\"widget\" data-e-type=\"widget\" data-widget_type=\"text-editor.default\">\n\t\t\t\t<div class=\"elementor-widget-container\">\n\t\t\t\t\t\t\t\t\t<p>Funeral direction, at the church of your choice in the presence of the ashes.<\/p>\t\t\t\t\t\t\t\t<\/div>\n\t\t\t\t<\/div>\n\t\t\t\t<div class=\"elementor-element elementor-element-6bb9f24 elementor-widget elementor-widget-text-editor\" data-id=\"6bb9f24\" data-element_type=\"widget\" data-e-type=\"widget\" data-widget_type=\"text-editor.default\">\n\t\t\t\t<div class=\"elementor-widget-container\">\n\t\t\t\t\t\t\t\t\t<p>Transport of the deceased (50 km), incineration (cremation), cremation container, transport urn, church and cemetery reservation, funeral arrangements, proof of death, administrative documents.<\/p>\t\t\t\t\t\t\t\t<\/div>\n\t\t\t\t<\/div>\n\t\t\t\t<div class=\"elementor-element elementor-element-a6d2ec0 elementor-widget elementor-widget-text-editor\" data-id=\"a6d2ec0\" data-element_type=\"widget\" data-e-type=\"widget\" data-widget_type=\"text-editor.default\">\n\t\t\t\t<div class=\"elementor-widget-container\">\n\t\t\t\t\t\t\t\t\t<p>NB: Salons LFC is made up of several partners. Each salon is managed and operated independently, services or conditions may vary from salon to salon.<\/p>\t\t\t\t\t\t\t\t<\/div>\n\t\t\t\t<\/div>\n\t\t\t\t<div class=\"elementor-element elementor-element-8d2802f elementor-align-left elementor-widget elementor-widget-button\" data-id=\"8d2802f\" data-element_type=\"widget\" data-e-type=\"widget\" data-widget_type=\"button.default\">\n\t\t\t\t<div class=\"elementor-widget-container\">\n\t\t\t\t\t\t\t\t\t<div class=\"elementor-button-wrapper\">\n\t\t\t\t\t<a class=\"elementor-button elementor-button-link elementor-size-sm elementor-animation-shrink\" href=\"#\">\n\t\t\t\t\t\t<span class=\"elementor-button-content-wrapper\">\n\t\t\t\t\t\t\t\t\t<span class=\"elementor-button-text\">Contact us<\/span>\n\t\t\t\t\t<\/span>\n\t\t\t\t\t<\/a>\n\t\t\t\t<\/div>\n\t\t\t\t\t\t\t\t<\/div>\n\t\t\t\t<\/div>\n\t\t\t\t\t<\/div>\n\t\t<\/div>\n\t\t\t\t\t<\/div>\n\t\t<\/section>\n\t\t\t\t\t<\/div>\n\t\t<\/div>\n\t\t\t\t\t<\/div>\n\t\t<\/section>\n\t\t\t\t<\/div>","protected":false},"excerpt":{"rendered":"<p>Forfait service \u00e0 l&rsquo;\u00e9glise Forfait service \u00e0 l&rsquo;\u00e9glise $1975+tx Direction de fun\u00e9railles, \u00e0 l\u2019\u00e9glise de votre choix en pr\u00e9sence des cendres. Transport du d\u00e9funt(e) (50 km), incin\u00e9ration (cr\u00e9mation), contenant de cr\u00e9mation, urne de transport, r\u00e9servation de l\u2019\u00e9glise et cimeti\u00e8re, direction des fun\u00e9railles, preuve de d\u00e9c\u00e8s, documents administratifs. NB: Salons LFC est compos\u00e9 de plusieurs partenaires. [&hellip;]<\/p>","protected":false},"author":1,"featured_media":0,"parent":0,"menu_order":0,"comment_status":"closed","ping_status":"closed","template":"elementor_header_footer","meta":{"_acf_changed":false,"footnotes":""},"class_list":["post-3509","page","type-page","status-publish","hentry"],"acf":[],"_links":{"self":[{"href":"https:\/\/salonlfcmontreal.com\/en\/wp-json\/wp\/v2\/pages\/3509","targetHints":{"allow":["GET"]}}],"collection":[{"href":"https:\/\/salonlfcmontreal.com\/en\/wp-json\/wp\/v2\/pages"}],"about":[{"href":"https:\/\/salonlfcmontreal.com\/en\/wp-json\/wp\/v2\/types\/page"}],"author":[{"embeddable":true,"href":"https:\/\/salonlfcmontreal.com\/en\/wp-json\/wp\/v2\/users\/1"}],"replies":[{"embeddable":true,"href":"https:\/\/salonlfcmontreal.com\/en\/wp-json\/wp\/v2\/comments?post=3509"}],"version-history":[{"count":10,"href":"https:\/\/salonlfcmontreal.com\/en\/wp-json\/wp\/v2\/pages\/3509\/revisions"}],"predecessor-version":[{"id":9274,"href":"https:\/\/salonlfcmontreal.com\/en\/wp-json\/wp\/v2\/pages\/3509\/revisions\/9274"}],"wp:attachment":[{"href":"https:\/\/salonlfcmontreal.com\/en\/wp-json\/wp\/v2\/media?parent=3509"}],"curies":[{"name":"wp","href":"https:\/\/api.w.org\/{rel}","templated":true}]}}