{"id":5290,"date":"2023-03-01T19:07:56","date_gmt":"2023-03-01T19:07:56","guid":{"rendered":"https:\/\/salonlfcrivenord.com\/?page_id=5290"},"modified":"2023-03-02T16:33:46","modified_gmt":"2023-03-02T16:33:46","slug":"politique","status":"publish","type":"page","link":"https:\/\/salonlfcmontreal.com\/en\/politique\/","title":{"rendered":"Policy"},"content":{"rendered":"<div data-elementor-type=\"wp-page\" data-elementor-id=\"5290\" class=\"elementor elementor-5290\" data-elementor-post-type=\"page\">\n\t\t\t\t\t\t<section class=\"elementor-section elementor-top-section elementor-element elementor-element-45a9748 elementor-section-height-min-height elementor-section-boxed elementor-section-height-default elementor-section-items-middle\" data-id=\"45a9748\" data-element_type=\"section\" data-e-type=\"section\" data-settings=\"{&quot;background_background&quot;:&quot;classic&quot;}\">\n\t\t\t\t\t\t\t<div class=\"elementor-background-overlay\"><\/div>\n\t\t\t\t\t\t\t<div class=\"elementor-container elementor-column-gap-default\">\n\t\t\t\t\t<div class=\"elementor-column elementor-col-100 elementor-top-column elementor-element elementor-element-0a14c00\" data-id=\"0a14c00\" data-element_type=\"column\" data-e-type=\"column\">\n\t\t\t<div class=\"elementor-widget-wrap elementor-element-populated\">\n\t\t\t\t\t\t<div class=\"elementor-element elementor-element-552ad0e elementor-widget elementor-widget-heading\" data-id=\"552ad0e\" data-element_type=\"widget\" data-e-type=\"widget\" data-widget_type=\"heading.default\">\n\t\t\t\t<div class=\"elementor-widget-container\">\n\t\t\t\t\t<h1 class=\"elementor-heading-title elementor-size-default\">Policy<\/h1>\t\t\t\t<\/div>\n\t\t\t\t<\/div>\n\t\t\t\t\t<\/div>\n\t\t<\/div>\n\t\t\t\t\t<\/div>\n\t\t<\/section>\n\t\t\t\t<section class=\"elementor-section elementor-top-section elementor-element elementor-element-bbe73fb elementor-section-boxed elementor-section-height-default elementor-section-height-default\" data-id=\"bbe73fb\" data-element_type=\"section\" data-e-type=\"section\">\n\t\t\t\t\t\t<div class=\"elementor-container elementor-column-gap-default\">\n\t\t\t\t\t<div class=\"elementor-column elementor-col-100 elementor-top-column elementor-element elementor-element-7c99148\" data-id=\"7c99148\" data-element_type=\"column\" data-e-type=\"column\">\n\t\t\t<div class=\"elementor-widget-wrap elementor-element-populated\">\n\t\t\t\t\t\t<div class=\"elementor-element elementor-element-b0ed131 elementor-widget elementor-widget-heading\" data-id=\"b0ed131\" data-element_type=\"widget\" data-e-type=\"widget\" data-widget_type=\"heading.default\">\n\t\t\t\t<div class=\"elementor-widget-container\">\n\t\t\t\t\t<h2 class=\"elementor-heading-title elementor-size-default\">Privacy Policy<\/h2>\t\t\t\t<\/div>\n\t\t\t\t<\/div>\n\t\t\t\t\t<\/div>\n\t\t<\/div>\n\t\t\t\t\t<\/div>\n\t\t<\/section>\n\t\t\t\t<section class=\"elementor-section elementor-top-section elementor-element elementor-element-9a1ba9e elementor-section-boxed elementor-section-height-default elementor-section-height-default\" data-id=\"9a1ba9e\" data-element_type=\"section\" data-e-type=\"section\" data-settings=\"{&quot;background_background&quot;:&quot;classic&quot;}\">\n\t\t\t\t\t\t\t<div class=\"elementor-background-overlay\"><\/div>\n\t\t\t\t\t\t\t<div class=\"elementor-container elementor-column-gap-default\">\n\t\t\t\t\t<div class=\"elementor-column elementor-col-100 elementor-top-column elementor-element elementor-element-d9d386f\" data-id=\"d9d386f\" data-element_type=\"column\" data-e-type=\"column\">\n\t\t\t<div class=\"elementor-widget-wrap elementor-element-populated\">\n\t\t\t\t\t\t<div class=\"elementor-element elementor-element-939549f elementor-widget elementor-widget-text-editor\" data-id=\"939549f\" data-element_type=\"widget\" data-e-type=\"widget\" data-widget_type=\"text-editor.default\">\n\t\t\t\t<div class=\"elementor-widget-container\">\n\t\t\t\t\t\t\t\t\t<p><strong>Privacy Policy<\/strong><\/p><p><strong>https:\/\/salonlfcmontreal.com<\/strong><\/p><p>\u00a0<\/p><p><strong><u>The purpose of this privacy policy<\/u><\/strong><\/p><p>Le but de cette politique de confidentialit\u00e9 est d\u2019informer les utilisateurs de notre site des donn\u00e9es personnelles que nous recueillerons ainsi que les informations suivantes, le cas \u00e9ch\u00e9ant :<\/p><ol><li>Personal data that we will collect<\/li><li>The use of collected data<\/li><li>Which has collected data<\/li><li>The rights of site users<\/li><\/ol><p>This privacy policy works in parallel with the general conditions of use of our site.<\/p><p><strong><u>Applicable laws<\/u><\/strong><\/p><p>Cette politique est conforme aux lois \u00e9nonc\u00e9es dans la\u00a0<em>Personal Information Protection Act and electronic documents<\/em>\u00a0(LPRPDE).<\/p><p>For residents of EU countries, the\u00a0<em>General Data Protection Regulations<\/em>\u00a0(RGDP) governs all data protection policies, regardless of the site. This privacy policy aims to comply with the RGDP. If there are inconsistencies between this policy and the RGDP, the RGDP will apply.<\/p><p>For residents of the State of California, this privacy policy aims to comply with the\u00a0<em>California Consumer Privacy Act (CCPA)<\/em>. If there are inconsistencies between this document and the\u00a0<em>CCPA<\/em>, state legislation will apply. If we see inconsistencies, we will modify our policy to comply with the relevant law.<\/p><p><strong><u>Consent<\/u><\/strong><\/p><p>Users agree that by using our site, they consent to:<\/p><ol><li>the conditions set out in this Privacy Policy and<\/li><li>The collection, use and conservation of data listed in this Policy.<\/li><\/ol><p><strong><u>Personal data that we will collect<\/u><\/strong><\/p><p><strong>Automatically collected data<\/strong><\/p><p>We do not collect any data automatically on our site.<\/p><p><strong>Data collected in a non -automatic manner<\/strong><\/p><p>We can also collect the following data when you perform certain functions on our site:<\/p><ol><li>First and last name<\/li><li>Email<\/li><li>Phone number<\/li><\/ol><p>This data can be collected using the following methods:<\/p><p>Please note that we only collect data that helps us achieve the objective set out in this privacy policy. We will not collect additional data without informing you beforehand.<\/p><p><strong><u>How we use personal data<\/u><\/strong><\/p><p>The personal data collected on our site will be used only for the purposes specified in this policy or indicated on the relevant pages of our site. We will not use your data beyond what we will disclose.<\/p><p>The data we collect when the user performs certain functions can be used for the following purposes:<\/p><ol><li>Respond to the Contact Contact form via our website.<\/li><\/ol><p><strong><u>With whom we share personal data<\/u><\/strong><\/p><p><strong>Employees<\/strong><br \/>We can disclose any member of our organization the user data he reasonably needs to achieve the objectives set out in this policy.<\/p><p><strong>Other disclosure<\/strong><br \/>We undertake not to sell or share your data with third parties, except in the following cases:<\/p><ol><li>If the law requires it<\/li><li>If it is required for any legal proceedings<\/li><li>To prove or protect our legal rights<\/li><li>to potential buyers of this company in the event that we seek to sell it the company<\/li><\/ol><p>If you follow hyperlinks from our site to another site, please note that we are not responsible and have no control over their privacy policies and practices.<\/p><p><strong><u>\u00a0<\/u><\/strong><\/p><p><strong><u>\u00a0<\/u><\/strong><\/p><p><strong><u>How long do we store personal data<\/u><\/strong><\/p><p>We do not keep user data beyond what is necessary to reach the ends for which they are collected.<\/p><p><strong><u>How we use personal data<\/u><\/strong><\/p><p>While we take all reasonable precautions to ensure that our user data is secure and that users are protected, there is always the risk of damage. The Internet in its entirety can be, sometimes, insecure and therefore we are unable to guarantee the safety of user data beyond what is reasonably practical.<\/p><p><strong><u>Minors<\/u><\/strong><\/p><p>For EU residents, the GDPR specifies that people under the age of 15 are considered minors for data collection. Minors must have the consent of a legal representative so that their data is collected, processed and used.<\/p><p><strong><u>Your rights as a user<\/u><\/strong><\/p><p>As a user, you have the right to access all your personal data that we have collected. In addition, you have the right to update or correct any personal data in our possession provided that it is acceptable under the law.<\/p><p>You can choose to delete or modify your consent to the collection and use of data at any time, provided that it is legally acceptable to do so and that you have informed us within a reasonable time.<\/p><p><strong><u>How to modify, delete or challenge the data collected<\/u><\/strong><\/p><p>If you want your information to be deleted or modified in one way or another, please contact us.<\/p><p><strong><u>Changes<\/u><\/strong><\/p><p>This privacy policy can be changed on occasion in order to maintain compliance with the law and take into account any change in our data collection process. We recommend that our users check our policy from time to time to ensure that they are informed of any update. If necessary, we can inform users by email of the changes to this policy.<\/p><p><strong><u>Contact<\/u><\/strong><\/p><p>If you have any questions to ask us, do not hesitate to contact us.<\/p><p><em>Entry date:\u00a0<\/em>March 1, 2023<\/p>\t\t\t\t\t\t\t\t<\/div>\n\t\t\t\t<\/div>\n\t\t\t\t\t<\/div>\n\t\t<\/div>\n\t\t\t\t\t<\/div>\n\t\t<\/section>\n\t\t\t\t<\/div>","protected":false},"excerpt":{"rendered":"<p>Politique Politique de confidentialit\u00e9 POLITIQUE DE CONFIDENTIALIT\u00c9 https:\/\/salonlfcmontreal.com \u00a0 Le but de cette politique de confidentialit\u00e9 Le but de cette politique de confidentialit\u00e9 est d&rsquo;informer les utilisateurs de notre site des donn\u00e9es personnelles que nous recueillerons ainsi que les informations suivantes, le cas \u00e9ch\u00e9ant : Les donn\u00e9es personnelles que nous recueillerons L\u2019utilisation des donn\u00e9es recueillies [&hellip;]<\/p>","protected":false},"author":1,"featured_media":0,"parent":0,"menu_order":0,"comment_status":"closed","ping_status":"closed","template":"elementor_header_footer","meta":{"_acf_changed":false,"footnotes":""},"class_list":["post-5290","page","type-page","status-publish","hentry"],"acf":[],"_links":{"self":[{"href":"https:\/\/salonlfcmontreal.com\/en\/wp-json\/wp\/v2\/pages\/5290","targetHints":{"allow":["GET"]}}],"collection":[{"href":"https:\/\/salonlfcmontreal.com\/en\/wp-json\/wp\/v2\/pages"}],"about":[{"href":"https:\/\/salonlfcmontreal.com\/en\/wp-json\/wp\/v2\/types\/page"}],"author":[{"embeddable":true,"href":"https:\/\/salonlfcmontreal.com\/en\/wp-json\/wp\/v2\/users\/1"}],"replies":[{"embeddable":true,"href":"https:\/\/salonlfcmontreal.com\/en\/wp-json\/wp\/v2\/comments?post=5290"}],"version-history":[{"count":0,"href":"https:\/\/salonlfcmontreal.com\/en\/wp-json\/wp\/v2\/pages\/5290\/revisions"}],"wp:attachment":[{"href":"https:\/\/salonlfcmontreal.com\/en\/wp-json\/wp\/v2\/media?parent=5290"}],"curies":[{"name":"wp","href":"https:\/\/api.w.org\/{rel}","templated":true}]}}