{"id":4225,"date":"2023-02-23T19:33:44","date_gmt":"2023-02-23T19:33:44","guid":{"rendered":"https:\/\/salonlfcmontreal.com\/?post_type=product&#038;p=4225"},"modified":"2023-02-23T19:33:48","modified_gmt":"2023-02-23T19:33:48","slug":"urne-de-style-serie-pour-enfant","status":"publish","type":"product","link":"https:\/\/salonlfcmontreal.com\/en\/product\/urne-de-style-serie-pour-enfant\/","title":{"rendered":"CHILD SERIAL STYLE URN"},"content":{"rendered":"<p>URNE DE STYLE S\u00c9RIE POUR ENFANT : GERBERA, VIOLETTE, SOUPIR DE B\u00c9B\u00c9 OU MINI CHRYSANTH\u00c8ME<\/p>","protected":false},"excerpt":{"rendered":"<p>URNE DE STYLE S\u00c9RIE POUR ENFANT : GERBERA, VIOLETTE, SOUPIR DE B\u00c9B\u00c9 OU MINI CHRYSANTH\u00c8ME<\/p>","protected":false},"featured_media":4239,"comment_status":"open","ping_status":"closed","template":"","meta":{"_acf_changed":false},"product_brand":[],"product_cat":[17],"product_tag":[],"class_list":{"0":"post-4225","1":"product","2":"type-product","3":"status-publish","4":"has-post-thumbnail","6":"product_cat-urnes","8":"first","9":"instock","10":"shipping-taxable","11":"product-type-simple"},"acf":[],"_links":{"self":[{"href":"https:\/\/salonlfcmontreal.com\/en\/wp-json\/wp\/v2\/product\/4225","targetHints":{"allow":["GET"]}}],"collection":[{"href":"https:\/\/salonlfcmontreal.com\/en\/wp-json\/wp\/v2\/product"}],"about":[{"href":"https:\/\/salonlfcmontreal.com\/en\/wp-json\/wp\/v2\/types\/product"}],"replies":[{"embeddable":true,"href":"https:\/\/salonlfcmontreal.com\/en\/wp-json\/wp\/v2\/comments?post=4225"}],"wp:featuredmedia":[{"embeddable":true,"href":"https:\/\/salonlfcmontreal.com\/en\/wp-json\/wp\/v2\/media\/4239"}],"wp:attachment":[{"href":"https:\/\/salonlfcmontreal.com\/en\/wp-json\/wp\/v2\/media?parent=4225"}],"wp:term":[{"taxonomy":"product_brand","embeddable":true,"href":"https:\/\/salonlfcmontreal.com\/en\/wp-json\/wp\/v2\/product_brand?post=4225"},{"taxonomy":"product_cat","embeddable":true,"href":"https:\/\/salonlfcmontreal.com\/en\/wp-json\/wp\/v2\/product_cat?post=4225"},{"taxonomy":"product_tag","embeddable":true,"href":"https:\/\/salonlfcmontreal.com\/en\/wp-json\/wp\/v2\/product_tag?post=4225"}],"curies":[{"name":"wp","href":"https:\/\/api.w.org\/{rel}","templated":true}]}}